{"id":428,"date":"2015-12-23T12:28:04","date_gmt":"2015-12-23T12:28:04","guid":{"rendered":"http:\/\/fisioterapiarevers.com\/es\/nosaltres\/"},"modified":"2016-04-14T14:58:27","modified_gmt":"2016-04-14T14:58:27","slug":"nosaltres","status":"publish","type":"page","link":"https:\/\/fisioterapiarevers.com\/es\/nosaltres\/","title":{"rendered":"NOSOTROS"},"content":{"rendered":"<p>[et_pb_section admin_label=\u00bbSection\u00bb fullwidth=\u00bbon\u00bb specialty=\u00bboff\u00bb][et_pb_fullwidth_header admin_label=\u00bbFullwidth Header\u00bb title=\u00bbTodos los profesionales de FISIOTERAPIA REVERS hemos estado en formaci\u00f3n constante una vez terminados los estudios universitarios, lo fundamental en una profesi\u00f3n viva como la nuestra que requiere de actualizaci\u00f3n constante.\u00bb background_layout=\u00bbdark\u00bb text_orientation=\u00bbcenter\u00bb header_fullscreen=\u00bboff\u00bb header_scroll_down=\u00bbon\u00bb scroll_down_icon=\u00bb%%8%%\u00bb background_color=\u00bb#8e8e8e\u00bb parallax=\u00bboff\u00bb parallax_method=\u00bboff\u00bb content_orientation=\u00bbcenter\u00bb image_orientation=\u00bbcenter\u00bb custom_button_one=\u00bboff\u00bb button_one_letter_spacing=\u00bb0&#8243; button_one_use_icon=\u00bbdefault\u00bb button_one_icon_placement=\u00bbright\u00bb button_one_on_hover=\u00bbon\u00bb button_one_letter_spacing_hover=\u00bb0&#8243; custom_button_two=\u00bboff\u00bb button_two_letter_spacing=\u00bb0&#8243; button_two_use_icon=\u00bbdefault\u00bb button_two_icon_placement=\u00bbright\u00bb button_two_on_hover=\u00bbon\u00bb button_two_letter_spacing_hover=\u00bb0&#8243;]<\/p>\n<h3 style=\"text-align: center;\"><span style=\"color: #e3e3e3;\">La inquietud nos ha llevado a intentar ser mejores cada d\u00eda a partir del estudio y la pr\u00e1ctica diaria. Todos NOSOTROS tenemos experiencia en el \u00e1mbito deportivo, tanto en el baloncesto, como en el Hockey, el Balonmano o el motociclismo y el automovilismo. Adem\u00e1s, a menudo, nuestros profesionales colaboran con <em> Escuelas Universitarias en la formaci\u00f3n de futuros profesionales.<\/em><\/span><\/h3>\n<p>[\/et_pb_fullwidth_header][\/et_pb_section][et_pb_section admin_label=\u00bbsection\u00bb][et_pb_row admin_label=\u00bbRow\u00bb][et_pb_column type=\u00bb1_4&#8243;][et_pb_team_member admin_label=\u00bbPerson\u00bb name=\u00bbISAAC SERRANO VIVANCOS\u00bb position=\u00bbFisioterapeuta\u00bb animation=\u00bboff\u00bb background_layout=\u00bblight\u00bb facebook_url=\u00bbhttps:\/\/www.facebook.com\/isaac.serranovivancos\u00bb linkedin_url=\u00bbhttps:\/\/www.linkedin.com\/in\/isaac-serrano-vivancos-b99a509a\u00bb use_border_color=\u00bboff\u00bb border_color=\u00bb#ffffff\u00bb border_style=\u00bbsolid\u00bb image_url=\u00bbhttp:\/\/fisioterapiarevers.com\/wp-content\/uploads\/2015\/12\/image-2.jpg\u00bb]<\/p>\n<ul>\n<li>Especialista en terapia manual y readaptaci\u00f3n deportiva.<\/li>\n<li>Especialista y Formador de la T\u00e9cnica <strong> EPI\u00ae<\/strong><\/li>\n<li>Formado en <i> Running Therapy Center en el estudio de la marcha y la carrera.<\/i><\/li>\n<li>Profesor de las Facultades de Fisioterapia en <strong> UdL Universidad de Lleida y <strong> UManresa <\/strong>. <\/strong><\/li>\n<li>Profesor de Postgrados y Masters nacionales e internacionales.<\/li>\n<li>M\u00e1ster oficial especializado en Ergonom\u00eda<\/li>\n<li>M\u00e1ster en investigaci\u00f3n en atenci\u00f3n primaria<\/li>\n<\/ul>\n<p>[\/et_pb_team_member][\/et_pb_column][et_pb_column type=\u00bb1_4&#8243;][et_pb_team_member admin_label=\u00bbPerson\u00bb name=\u00bbMIRIAM \u00c0VILA CASADO\u00bb position=\u00bbFisioterapeuta y Oste\u00f3pata\u00bb animation=\u00bboff\u00bb background_layout=\u00bblight\u00bb linkedin_url=\u00bbhttps:\/\/www.linkedin.com\/in\/miriam-avila-casado-838351110&#8243; use_border_color=\u00bboff\u00bb border_color=\u00bb#ffffff\u00bb border_style=\u00bbsolid\u00bb image_url=\u00bbhttp:\/\/fisioterapiarevers.com\/wp-content\/uploads\/2015\/12\/revers-fisioterapia-equip1.jpg\u00bb]<\/p>\n<ul>\n<li>Fisioterapeuta y Oste\u00f3pata.<\/li>\n<li>Especialista en Osteopat\u00eda en disfunciones de suelo p\u00e9lvico<\/li>\n<li>Formaci\u00f3n en tratamiento con vendajes y entrenamiento propioceptivo.<\/li>\n<li>Experiencia en Fisioterapia Deportiva.<\/li>\n<\/ul>\n<p>[\/et_pb_team_member][\/et_pb_column][et_pb_column type=\u00bb1_4&#8243;][et_pb_team_member admin_label=\u00bbPerson\u00bb name=\u00bbSILVIA LUNA P\u00c9REZ\u00bb position=\u00bbFisioterapeuta \u00bb animation=\u00bboff\u00bb background_layout=\u00bblight\u00bb facebook_url=\u00bbhttps:\/\/www.facebook.com\/silvia.l.perez.52&#8243; use_border_color=\u00bboff\u00bb border_color=\u00bb#ffffff\u00bb border_style=\u00bbsolid\u00bb image_url=\u00bbhttp:\/\/fisioterapiarevers.com\/wp-content\/uploads\/2015\/12\/silvia-revers-1-a.jpg\u00bb]<\/p>\n<ul>\n<li>Especialista en en fisioterapia uroginecol\u00f3gica, obst\u00e9trica y rehabilitaci\u00f3n del suelo p\u00e9lvico.<\/li>\n<li>Especialista en Gimnasia Abdominal Hipopresiva.<\/li>\n<li>Trabaja tambi\u00e9n en el \u00e1mbito de la geriatr\u00eda.<\/li>\n<\/ul>\n<p>[\/et_pb_team_member][\/et_pb_column][et_pb_column type=\u00bb1_4&#8243;][et_pb_team_member admin_label=\u00bbPerson\u00bb name=\u00bbSERGI CLIMENT VIU\u00bb position=\u00bbFisioterapeuta \u00bb animation=\u00bboff\u00bb background_layout=\u00bblight\u00bb use_border_color=\u00bboff\u00bb border_color=\u00bb#ffffff\u00bb border_style=\u00bbsolid\u00bb image_url=\u00bbhttp:\/\/fisioterapiarevers.com\/wp-content\/uploads\/2015\/12\/revers-sergi.jpg\u00bb]<\/p>\n<ul>\n<li>Especialista en el tratamiento de las deformidades de la columna vertebral. Formado en la Escuela Oficial de Barcelona BSPT (Barcelona Scoliosis Physical Therapy School)<\/li>\n<li>Formado en t\u00e9cnicas Miotensivas y manipulativas de columna vertebral y pelvis.<\/li>\n<li>Fisioterapeuta del primer equipo del C.B Esparreguera.<\/li>\n<\/ul>\n<p>[\/et_pb_team_member][\/et_pb_column][\/et_pb_row][et_pb_row admin_label=\u00bbRow\u00bb][et_pb_column type=\u00bb4_4&#8243;][et_pb_gallery admin_label=\u00bbGallery\u00bb gallery_ids=\u00bb240,241,242,243&#8243; fullwidth=\u00bboff\u00bb show_title_and_caption=\u00bboff\u00bb show_pagination=\u00bbon\u00bb background_layout=\u00bblight\u00bb auto=\u00bboff\u00bb hover_overlay_color=\u00bbrgba(255,255,255,0.9)\u00bb caption_all_caps=\u00bboff\u00bb use_border_color=\u00bboff\u00bb border_color=\u00bb#ffffff\u00bb border_style=\u00bbsolid\u00bb] [\/et_pb_gallery][\/et_pb_column][\/et_pb_row][\/et_pb_section]<\/p>\n","protected":false},"excerpt":{"rendered":"<p>La inquietud nos ha llevado a intentar ser mejores cada d\u00eda a partir del estudio y la pr\u00e1ctica diaria. Todos NOSOTROS tenemos experiencia en el \u00e1mbito deportivo, tanto en el baloncesto, como en el Hockey, el Balonmano o el motociclismo y el automovilismo. Adem\u00e1s, a menudo, nuestros profesionales colaboran con Escuelas Universitarias en la formaci\u00f3n [&hellip;]<\/p>\n","protected":false},"author":1,"featured_media":0,"parent":0,"menu_order":0,"comment_status":"closed","ping_status":"closed","template":"","meta":{"_et_pb_use_builder":"on","_et_pb_old_content":"","_et_gb_content_width":"","footnotes":""},"_links":{"self":[{"href":"https:\/\/fisioterapiarevers.com\/es\/wp-json\/wp\/v2\/pages\/428"}],"collection":[{"href":"https:\/\/fisioterapiarevers.com\/es\/wp-json\/wp\/v2\/pages"}],"about":[{"href":"https:\/\/fisioterapiarevers.com\/es\/wp-json\/wp\/v2\/types\/page"}],"author":[{"embeddable":true,"href":"https:\/\/fisioterapiarevers.com\/es\/wp-json\/wp\/v2\/users\/1"}],"replies":[{"embeddable":true,"href":"https:\/\/fisioterapiarevers.com\/es\/wp-json\/wp\/v2\/comments?post=428"}],"version-history":[{"count":2,"href":"https:\/\/fisioterapiarevers.com\/es\/wp-json\/wp\/v2\/pages\/428\/revisions"}],"predecessor-version":[{"id":430,"href":"https:\/\/fisioterapiarevers.com\/es\/wp-json\/wp\/v2\/pages\/428\/revisions\/430"}],"wp:attachment":[{"href":"https:\/\/fisioterapiarevers.com\/es\/wp-json\/wp\/v2\/media?parent=428"}],"curies":[{"name":"wp","href":"https:\/\/api.w.org\/{rel}","templated":true}]}}