{"id":412,"date":"2016-02-05T13:00:09","date_gmt":"2016-02-05T13:00:09","guid":{"rendered":"http:\/\/fisioterapiarevers.com\/es\/tractament-global-de-columna-vertebral\/"},"modified":"2016-04-14T14:49:17","modified_gmt":"2016-04-14T14:49:17","slug":"tractament-global-de-columna-vertebral","status":"publish","type":"page","link":"https:\/\/fisioterapiarevers.com\/es\/tractament-global-de-columna-vertebral\/","title":{"rendered":"TRATAMIENTO GLOBAL DE COLUMNA VERTEBRAL"},"content":{"rendered":"<p>[et_pb_section admin_label=\u00bbSection\u00bb fullwidth=\u00bbon\u00bb specialty=\u00bboff\u00bb transparent_background=\u00bboff\u00bb background_color=\u00bb#f19700&#8243; allow_player_pause=\u00bboff\u00bb inner_shadow=\u00bboff\u00bb parallax=\u00bboff\u00bb parallax_method=\u00bboff\u00bb padding_mobile=\u00bboff\u00bb make_fullwidth=\u00bboff\u00bb use_custom_width=\u00bboff\u00bb width_unit=\u00bbon\u00bb make_equal=\u00bboff\u00bb use_custom_gutter=\u00bboff\u00bb][et_pb_fullwidth_header admin_label=\u00bbFullwidth Header\u00bb title=\u00bbTRATAMIENTO GLOBAL DE COLUMNA VERTEBRAL\u00bb background_layout=\u00bbdark\u00bb text_orientation=\u00bbcenter\u00bb header_fullscreen=\u00bboff\u00bb header_scroll_down=\u00bboff\u00bb parallax=\u00bboff\u00bb parallax_method=\u00bboff\u00bb content_orientation=\u00bbcenter\u00bb image_orientation=\u00bbcenter\u00bb custom_button_one=\u00bboff\u00bb button_one_letter_spacing=\u00bb0&#8243; button_one_use_icon=\u00bbdefault\u00bb button_one_icon_placement=\u00bbright\u00bb button_one_on_hover=\u00bbon\u00bb button_one_letter_spacing_hover=\u00bb0&#8243; custom_button_two=\u00bboff\u00bb button_two_letter_spacing=\u00bb0&#8243; button_two_use_icon=\u00bbdefault\u00bb button_two_icon_placement=\u00bbright\u00bb button_two_on_hover=\u00bbon\u00bb button_two_letter_spacing_hover=\u00bb0&#8243;] [\/et_pb_fullwidth_header][\/et_pb_section][et_pb_section admin_label=\u00bbsection\u00bb][et_pb_row admin_label=\u00bbrow\u00bb][et_pb_column type=\u00bb1_2&#8243;][et_pb_text admin_label=\u00bbText\u00bb background_layout=\u00bblight\u00bb text_orientation=\u00bbleft\u00bb use_border_color=\u00bboff\u00bb border_color=\u00bb#ffffff\u00bb border_style=\u00bbsolid\u00bb]<\/p>\n<p><img loading=\"lazy\" decoding=\"async\" class=\"alignleft size-full wp-image-161\" src=\"http:\/\/fisioterapiarevers.com\/wp-content\/uploads\/2015\/12\/revers-fisioterapia-icona-columna.png\" alt=\"revers-fisioterapia-icona-columna\" width=\"200\" height=\"200\" srcset=\"https:\/\/fisioterapiarevers.com\/wp-content\/uploads\/2015\/12\/revers-fisioterapia-icona-columna.png 200w, https:\/\/fisioterapiarevers.com\/wp-content\/uploads\/2015\/12\/revers-fisioterapia-icona-columna-150x150.png 150w\" sizes=\"(max-width: 200px) 100vw, 200px\" \/>La <strong>columna vertebral<\/strong> es el segmento m\u00e1s tratado en cualquier centro de fisioterapia. La exigencia diaria hace que, tanto por exceso como por falta de movimiento, los dolores aparezcan repentinamente o incluso repetidamente.<\/p>\n<p>Nosotros abordamos los problemas de espalda de es de la gemelo m\u00e1s anal\u00edtica hasta la m\u00e1s global. Por ello, en nuestra consulta tratamos problemas contracturas musculares, escoliosis, cifosis y lordosis patol\u00f3gicas, etc &#8230; que pueden necesitar de tratamiento global con ejercicios tanto en consulta como a domicilio.<\/p>\n<p>Los ejercicios de correcci\u00f3n postural y las propuestas de variaciones ergon\u00f3micas tanto en casa como en el trabajo ser\u00e1n la parte final de gran parte de nuestros tratamientos.<\/p>\n<h2>DEFORMIDADES DE COLUMNA.<\/h2>\n<p>A <strong>Fisioterapia REVERS<\/strong> nos hemos formado en el <strong>M\u00e9todo Schroth en la escuela BSTPS<\/strong> (Barcelona Scoliosis Physical Therapy School). Este m\u00e9todo es utilizado para el tratamiento espec\u00edfico de las deformidades de la columna vertebral. Inicialmente se utilizaba para la escoliosis, pero su eficacia ha llevado a que tambi\u00e9n se aplique en otras deformidades, como el dorso plano, hipercifosis o hiperlordosis.<\/p>\n<blockquote>\n<h3>M\u00e9todo Schroth en la escuela BTPS<\/h3>\n<\/blockquote>\n<p>El sistema de tratamiento fue creado en Alemania en los a\u00f1os 60 por Katharina Schorth, que es quien da el nombre al m\u00e9todo. Elena Salv\u00e1 fue la primera Catalana en ir a ver c\u00f3mo utilizaban esta t\u00e9cnica t\u00e9cnica en Alemania y en 1968 fund\u00f3 el Instituto Elena Salv\u00e1 en Barcelona para empezar a aplicar el m\u00e9todo Schroth como tratamiento para personas con escoliosis. Actualmente quien esta al frente del instituto es el Dr. Manuel Rigo, fundador de la BSPT, que es la escuela encargada de ense\u00f1ar todos los principios originales del m\u00e9todo con conceptos modernos aprendidos con la experiencia cl\u00ednica y la investigaci\u00f3n. Actualmente se considera que es el tratamiento anal\u00edtico m\u00e1s efectivo para la correcci\u00f3n de la deformidad existente.<\/p>\n<p>[\/et_pb_text][\/et_pb_column][et_pb_column type=\u00bb1_2&#8243;][et_pb_gallery admin_label=\u00bbGallery\u00bb gallery_ids=\u00bb177,178,179,180&#8243; fullwidth=\u00bbon\u00bb show_title_and_caption=\u00bboff\u00bb show_pagination=\u00bbon\u00bb background_layout=\u00bblight\u00bb auto=\u00bbon\u00bb hover_overlay_color=\u00bbrgba(255,255,255,0.9)\u00bb caption_font_size=\u00bb14&#8243; caption_all_caps=\u00bboff\u00bb title_font_size=\u00bb16&#8243; use_border_color=\u00bboff\u00bb border_color=\u00bb#ffffff\u00bb border_style=\u00bbsolid\u00bb auto_speed=\u00bb3000&#8243;] [\/et_pb_gallery][et_pb_text admin_label=\u00bbText\u00bb background_layout=\u00bblight\u00bb text_orientation=\u00bbleft\u00bb use_border_color=\u00bboff\u00bb border_color=\u00bb#ffffff\u00bb border_style=\u00bbsolid\u00bb]<\/p>\n<h4>SERGI CLIMENT VIU<\/h4>\n<p class=\"et_pb_member_position\">Fisioterapeuta<\/p>\n<p class=\"et_pb_member_position\">deformidades y lesiones de columna: <a href=\"mailto:epi@fisioterapiarevers.com\">columna@fisioterapiarevers.com<\/a><\/p>\n<p>[\/et_pb_text][\/et_pb_column][\/et_pb_row][\/et_pb_section]<\/p>\n","protected":false},"excerpt":{"rendered":"<p>La columna vertebral es el segmento m\u00e1s tratado en cualquier centro de fisioterapia. La exigencia diaria hace que, tanto por exceso como por falta de movimiento, los dolores aparezcan repentinamente o incluso repetidamente. Nosotros abordamos los problemas de espalda de es de la gemelo m\u00e1s anal\u00edtica hasta la m\u00e1s global. Por ello, en nuestra consulta [&hellip;]<\/p>\n","protected":false},"author":1,"featured_media":0,"parent":0,"menu_order":0,"comment_status":"closed","ping_status":"closed","template":"","meta":{"_et_pb_use_builder":"on","_et_pb_old_content":"","_et_gb_content_width":"","footnotes":""},"_links":{"self":[{"href":"https:\/\/fisioterapiarevers.com\/es\/wp-json\/wp\/v2\/pages\/412"}],"collection":[{"href":"https:\/\/fisioterapiarevers.com\/es\/wp-json\/wp\/v2\/pages"}],"about":[{"href":"https:\/\/fisioterapiarevers.com\/es\/wp-json\/wp\/v2\/types\/page"}],"author":[{"embeddable":true,"href":"https:\/\/fisioterapiarevers.com\/es\/wp-json\/wp\/v2\/users\/1"}],"replies":[{"embeddable":true,"href":"https:\/\/fisioterapiarevers.com\/es\/wp-json\/wp\/v2\/comments?post=412"}],"version-history":[{"count":2,"href":"https:\/\/fisioterapiarevers.com\/es\/wp-json\/wp\/v2\/pages\/412\/revisions"}],"predecessor-version":[{"id":414,"href":"https:\/\/fisioterapiarevers.com\/es\/wp-json\/wp\/v2\/pages\/412\/revisions\/414"}],"wp:attachment":[{"href":"https:\/\/fisioterapiarevers.com\/es\/wp-json\/wp\/v2\/media?parent=412"}],"curies":[{"name":"wp","href":"https:\/\/api.w.org\/{rel}","templated":true}]}}