{"id":404,"date":"2015-12-23T13:04:52","date_gmt":"2015-12-23T13:04:52","guid":{"rendered":"http:\/\/fisioterapiarevers.com\/es\/reeducacio-del-sol-pelvic\/"},"modified":"2016-04-14T14:42:39","modified_gmt":"2016-04-14T14:42:39","slug":"reeducacio-del-sol-pelvic","status":"publish","type":"page","link":"https:\/\/fisioterapiarevers.com\/es\/reeducacio-del-sol-pelvic\/","title":{"rendered":"REEDUCACI\u00d3N DEL SUELO P\u00c9LVICO"},"content":{"rendered":"<p>[et_pb_section admin_label=\u00bbSection\u00bb fullwidth=\u00bbon\u00bb specialty=\u00bboff\u00bb transparent_background=\u00bboff\u00bb background_color=\u00bb#f19700&#8243; allow_player_pause=\u00bboff\u00bb inner_shadow=\u00bboff\u00bb parallax=\u00bboff\u00bb parallax_method=\u00bboff\u00bb padding_mobile=\u00bboff\u00bb make_fullwidth=\u00bboff\u00bb use_custom_width=\u00bboff\u00bb width_unit=\u00bbon\u00bb make_equal=\u00bboff\u00bb use_custom_gutter=\u00bboff\u00bb][et_pb_fullwidth_header admin_label=\u00bbFullwidth Header\u00bb title=\u00bbREEDUCACI\u00d3N DEL SUELO P\u00c9LVICO\u00bb background_layout=\u00bbdark\u00bb text_orientation=\u00bbcenter\u00bb header_fullscreen=\u00bboff\u00bb header_scroll_down=\u00bboff\u00bb parallax=\u00bboff\u00bb parallax_method=\u00bboff\u00bb content_orientation=\u00bbcenter\u00bb image_orientation=\u00bbcenter\u00bb custom_button_one=\u00bboff\u00bb button_one_letter_spacing=\u00bb0&#8243; button_one_use_icon=\u00bbdefault\u00bb button_one_icon_placement=\u00bbright\u00bb button_one_on_hover=\u00bbon\u00bb button_one_letter_spacing_hover=\u00bb0&#8243; custom_button_two=\u00bboff\u00bb button_two_letter_spacing=\u00bb0&#8243; button_two_use_icon=\u00bbdefault\u00bb button_two_icon_placement=\u00bbright\u00bb button_two_on_hover=\u00bbon\u00bb button_two_letter_spacing_hover=\u00bb0&#8243;] [\/et_pb_fullwidth_header][\/et_pb_section][et_pb_section admin_label=\u00bbsection\u00bb][et_pb_row admin_label=\u00bbrow\u00bb][et_pb_column type=\u00bb1_2&#8243;][et_pb_text admin_label=\u00bbText\u00bb background_layout=\u00bblight\u00bb text_orientation=\u00bbleft\u00bb use_border_color=\u00bboff\u00bb border_color=\u00bb#ffffff\u00bb border_style=\u00bbsolid\u00bb]<\/p>\n<p><img loading=\"lazy\" decoding=\"async\" class=\"alignleft size-full wp-image-148\" src=\"http:\/\/fisioterapiarevers.com\/wp-content\/uploads\/2015\/12\/revers-fisioterapia-icona-sol-pelvic-ok.png\" alt=\"reverso-fisioterapia-icono-sol-p\u00e9lvico-ok\" width=\"200\" height=\"200\" srcset=\"https:\/\/fisioterapiarevers.com\/wp-content\/uploads\/2015\/12\/revers-fisioterapia-icona-sol-pelvic-ok.png 200w, https:\/\/fisioterapiarevers.com\/wp-content\/uploads\/2015\/12\/revers-fisioterapia-icona-sol-pelvic-ok-150x150.png 150w\" sizes=\"(max-width: 200px) 100vw, 200px\" \/> El <strong> Suelo p\u00e9lvico <\/strong> es un conjunto de m\u00fasculos situados en nuestra pelvis que se encargan de mantener en su sitio las v\u00edsceras (vejiga, vagina, \u00fatero, intestinos, &#8230;) y intervienen en el cierre de los esf\u00ednteres.<\/p>\n<p>Los factores m\u00e1s comunes que pueden desencadenar problemas o disfunciones de esta zona son: el embarazo, el parto, el estre\u00f1imiento, la pr\u00e1ctica de deportes de impacto y la menopausia.<\/p>\n<p><strong> Los problemas que tratamos son: <\/strong><\/p>\n<ul>\n<li>Incontinencia urinaria<\/li>\n<li>Atenci\u00f3n pre-parto y post-parto<\/li>\n<li>Prolapso urogenital<\/li>\n<li>Dolor o p\u00e9rdida de la sensibilidad en la zona<\/li>\n<li>Estre\u00f1imiento<\/li>\n<\/ul>\n<h5>FISIOTERAPIA DEL SUELO P\u00c9LVICO.<\/h5>\n<p>Lo que se entiende por \u00ab<strong>suelo p\u00e9lvico<\/strong>\u00bb es un conjunto de m\u00fasculos situados en el interior de la cavidad de la pelvis y que se encargan de mantener estables las v\u00edsceras (vejiga, vagina, \u00fatero, intestinos, &#8230;). Tambi\u00e9n intervienen en el buen funcionamiento correcto cierre de los esf\u00ednteres. Estos m\u00fasculos se debilitan debido a la edad, por determinados deportes de alto impacto, durante l`embar\u00e0s, en el post-parto, por culpa de factores hereditarios, malos h\u00e1bitos u otros. La rehabilitaci\u00f3n del suelo p\u00e9lvico consiste en el tratamiento de algunas de las disfunciones tales como: la incontinencia urinaria o fecal, prolapsos viscerales, dolor intenso perineal o p\u00e9rdida de la sensibilidad, intervenciones quir\u00fargicas, &#8230; Lo hacemos mediante la utilizaci\u00f3n de biofeedback, electroestimuladores los m\u00fasculos afectados con sondas especiales y con trabajo de reconocimiento y control muscular del propio paciente ayudado por los consejos del fisioterapeuta.<\/p>\n<p>[\/et_pb_text][\/et_pb_column][et_pb_column type=\u00bb1_2&#8243;][et_pb_gallery admin_label=\u00bbGallery\u00bb gallery_ids=\u00bb136,137&#8243; fullwidth=\u00bbon\u00bb show_title_and_caption=\u00bboff\u00bb show_pagination=\u00bbon\u00bb background_layout=\u00bblight\u00bb auto=\u00bbon\u00bb hover_overlay_color=\u00bbrgba(255,255,255,0.9)\u00bb caption_font_size=\u00bb14&#8243; caption_all_caps=\u00bboff\u00bb title_font_size=\u00bb16&#8243; use_border_color=\u00bboff\u00bb border_color=\u00bb#ffffff\u00bb border_style=\u00bbsolid\u00bb auto_speed=\u00bb3000&#8243;] [\/et_pb_gallery][et_pb_text admin_label=\u00bbText\u00bb background_layout=\u00bblight\u00bb text_orientation=\u00bbleft\u00bb use_border_color=\u00bboff\u00bb border_color=\u00bb#ffffff\u00bb border_style=\u00bbsolid\u00bb]<\/p>\n<h4>SILVIA LUNA P\u00c9REZ<\/h4>\n<p class=\"et_pb_member_position\">Fisioterapeuta<\/p>\n<p>REEDUCACI\u00d3N DEL SUELO P\u00c9LVICO:\u00a0<a href=\"mailto:hipos@fisioterapiarevers.com\">hipos@fisioterapiarevers.com<\/a><\/p>\n<p>[\/et_pb_text][\/et_pb_column][\/et_pb_row][\/et_pb_section]<\/p>\n","protected":false},"excerpt":{"rendered":"<p>El Suelo p\u00e9lvico es un conjunto de m\u00fasculos situados en nuestra pelvis que se encargan de mantener en su sitio las v\u00edsceras (vejiga, vagina, \u00fatero, intestinos, &#8230;) y intervienen en el cierre de los esf\u00ednteres. Los factores m\u00e1s comunes que pueden desencadenar problemas o disfunciones de esta zona son: el embarazo, el parto, el estre\u00f1imiento, [&hellip;]<\/p>\n","protected":false},"author":1,"featured_media":0,"parent":0,"menu_order":0,"comment_status":"closed","ping_status":"closed","template":"","meta":{"_et_pb_use_builder":"on","_et_pb_old_content":"","_et_gb_content_width":"","footnotes":""},"_links":{"self":[{"href":"https:\/\/fisioterapiarevers.com\/es\/wp-json\/wp\/v2\/pages\/404"}],"collection":[{"href":"https:\/\/fisioterapiarevers.com\/es\/wp-json\/wp\/v2\/pages"}],"about":[{"href":"https:\/\/fisioterapiarevers.com\/es\/wp-json\/wp\/v2\/types\/page"}],"author":[{"embeddable":true,"href":"https:\/\/fisioterapiarevers.com\/es\/wp-json\/wp\/v2\/users\/1"}],"replies":[{"embeddable":true,"href":"https:\/\/fisioterapiarevers.com\/es\/wp-json\/wp\/v2\/comments?post=404"}],"version-history":[{"count":4,"href":"https:\/\/fisioterapiarevers.com\/es\/wp-json\/wp\/v2\/pages\/404\/revisions"}],"predecessor-version":[{"id":408,"href":"https:\/\/fisioterapiarevers.com\/es\/wp-json\/wp\/v2\/pages\/404\/revisions\/408"}],"wp:attachment":[{"href":"https:\/\/fisioterapiarevers.com\/es\/wp-json\/wp\/v2\/media?parent=404"}],"curies":[{"name":"wp","href":"https:\/\/api.w.org\/{rel}","templated":true}]}}