{"id":402,"date":"2016-01-11T17:49:19","date_gmt":"2016-01-11T17:49:19","guid":{"rendered":"http:\/\/fisioterapiarevers.com\/es\/osteopatia\/"},"modified":"2016-04-14T14:39:12","modified_gmt":"2016-04-14T14:39:12","slug":"osteopatia","status":"publish","type":"page","link":"https:\/\/fisioterapiarevers.com\/es\/osteopatia\/","title":{"rendered":"OSTEOPAT\u00cdA"},"content":{"rendered":"<p>[et_pb_section admin_label=\u00bbSection\u00bb fullwidth=\u00bbon\u00bb specialty=\u00bboff\u00bb transparent_background=\u00bboff\u00bb background_color=\u00bb#f19700&#8243; allow_player_pause=\u00bboff\u00bb inner_shadow=\u00bboff\u00bb parallax=\u00bboff\u00bb parallax_method=\u00bboff\u00bb padding_mobile=\u00bboff\u00bb make_fullwidth=\u00bboff\u00bb use_custom_width=\u00bboff\u00bb width_unit=\u00bbon\u00bb make_equal=\u00bboff\u00bb use_custom_gutter=\u00bboff\u00bb][et_pb_fullwidth_header admin_label=\u00bbFullwidth Header\u00bb title=\u00bbOSTEOPAT\u00cdA\u00bb background_layout=\u00bbdark\u00bb text_orientation=\u00bbcenter\u00bb header_fullscreen=\u00bboff\u00bb header_scroll_down=\u00bboff\u00bb parallax=\u00bboff\u00bb parallax_method=\u00bboff\u00bb content_orientation=\u00bbcenter\u00bb image_orientation=\u00bbcenter\u00bb custom_button_one=\u00bboff\u00bb button_one_letter_spacing=\u00bb0&#8243; button_one_use_icon=\u00bbdefault\u00bb button_one_icon_placement=\u00bbright\u00bb button_one_on_hover=\u00bbon\u00bb button_one_letter_spacing_hover=\u00bb0&#8243; custom_button_two=\u00bboff\u00bb button_two_letter_spacing=\u00bb0&#8243; button_two_use_icon=\u00bbdefault\u00bb button_two_icon_placement=\u00bbright\u00bb button_two_on_hover=\u00bbon\u00bb button_two_letter_spacing_hover=\u00bb0&#8243;] [\/et_pb_fullwidth_header][\/et_pb_section][et_pb_section admin_label=\u00bbsection\u00bb][et_pb_row admin_label=\u00bbrow\u00bb][et_pb_column type=\u00bb1_2&#8243;][et_pb_text admin_label=\u00bbText\u00bb background_layout=\u00bblight\u00bb text_orientation=\u00bbleft\u00bb use_border_color=\u00bboff\u00bb border_color=\u00bb#ffffff\u00bb border_style=\u00bbsolid\u00bb]<\/p>\n<p><img loading=\"lazy\" decoding=\"async\" class=\"alignleft size-full wp-image-153\" src=\"http:\/\/fisioterapiarevers.com\/wp-content\/uploads\/2016\/01\/revers-fisioterapia-icona-osteopatia-ok.png\" alt=\"reverso-fisioterapia-icono-osteopat\u00eda-ok\" width=\"200\" height=\"200\" srcset=\"https:\/\/fisioterapiarevers.com\/wp-content\/uploads\/2016\/01\/revers-fisioterapia-icona-osteopatia-ok.png 200w, https:\/\/fisioterapiarevers.com\/wp-content\/uploads\/2016\/01\/revers-fisioterapia-icona-osteopatia-ok-150x150.png 150w\" sizes=\"(max-width: 200px) 100vw, 200px\" \/> La <strong>osteopat\u00eda<\/strong> tiene como idea principal la globalidad de la persona, trata diversos aspectos del ser humano, la parte estructrural (sistema m\u00fasculo-esquel\u00e9tico), la parte flu\u00eddica (sistema circulatorio, linf\u00e1tico), la parte nerviosa (sistema nervioso central y perif\u00e9rico), el sistema visceral y la parte emocional. Es una terapia basada en la anatom\u00eda y la fisiolog\u00eda del cuerpo humano.<\/p>\n<p>El objetivo es la salud; recuperar el equilibro de los sistemas y as\u00ed prevenir y curar patolog\u00edas.<\/p>\n<p>El oste\u00f3pata trabaja con muchas t\u00e9cnicas manuales, t\u00e9cnicas de partes blandas, maniobras viscerales y craneales, ajustes vertebrales de alta velocidad, etc. Siempre teniendo en cuenta la armon\u00eda del organismo.<\/p>\n<p>Tambi\u00e9n trabaja en el mundo de la mujer, tanto en problemas ginecol\u00f3gicos; relacionados con alteraciones de la mesntruaci\u00f3 (reglas dolorosas, irregulares, etc.), alteraciones hormonales&#8230;; como en el campo de la obstetricia. Durante el embarazo, \u00e9poca de cambios intensos para la mujer, el oste\u00f3pata puede ayudar a mejorar la calidad de la adaptaci\u00f3n de la columna y la pelvis, y as\u00ed disfrutar del embarazo. LA recuperaci\u00f3n despu\u00e9s del embarazo es otro campo de actuaci\u00f3n de la oste\u00f3pata, as\u00ed como la osteopat\u00eda pedi\u00e1trica, la cual trata beb\u00e9s en los primeros meses de vida.<\/p>\n<p>[\/et_pb_text][\/et_pb_column][et_pb_column type=\u00bb1_2&#8243;][et_pb_gallery admin_label=\u00bbGallery\u00bb gallery_ids=\u00bb339,340,341,155&#8243; fullwidth=\u00bbon\u00bb show_title_and_caption=\u00bboff\u00bb show_pagination=\u00bbon\u00bb background_layout=\u00bblight\u00bb auto=\u00bbon\u00bb hover_overlay_color=\u00bbrgba(255,255,255,0.9)\u00bb caption_all_caps=\u00bboff\u00bb use_border_color=\u00bboff\u00bb border_color=\u00bb#ffffff\u00bb border_style=\u00bbsolid\u00bb auto_speed=\u00bb3000&#8243;] [\/et_pb_gallery][et_pb_text admin_label=\u00bbText\u00bb background_layout=\u00bblight\u00bb text_orientation=\u00bbleft\u00bb use_border_color=\u00bboff\u00bb border_color=\u00bb#ffffff\u00bb border_style=\u00bbsolid\u00bb]<\/p>\n<h4>MIRIAM \u00c0VILA CASADO<\/h4>\n<p class=\"et_pb_member_position\">Fisioterapeuta y Oste\u00f3pata<\/p>\n<p>OSTEOPAT\u00cdA:\u00a0<a href=\"mailto:osteopatia@fisioterapiarevers.com\">osteopatia@fisioterapiarevers.com<\/a><\/p>\n<p>&nbsp;<\/p>\n<p>[\/et_pb_text][\/et_pb_column][\/et_pb_row][\/et_pb_section]<\/p>\n","protected":false},"excerpt":{"rendered":"<p>La osteopat\u00eda tiene como idea principal la globalidad de la persona, trata diversos aspectos del ser humano, la parte estructrural (sistema m\u00fasculo-esquel\u00e9tico), la parte flu\u00eddica (sistema circulatorio, linf\u00e1tico), la parte nerviosa (sistema nervioso central y perif\u00e9rico), el sistema visceral y la parte emocional. Es una terapia basada en la anatom\u00eda y la fisiolog\u00eda del cuerpo [&hellip;]<\/p>\n","protected":false},"author":1,"featured_media":0,"parent":0,"menu_order":0,"comment_status":"closed","ping_status":"closed","template":"","meta":{"_et_pb_use_builder":"on","_et_pb_old_content":"","_et_gb_content_width":"","footnotes":""},"_links":{"self":[{"href":"https:\/\/fisioterapiarevers.com\/es\/wp-json\/wp\/v2\/pages\/402"}],"collection":[{"href":"https:\/\/fisioterapiarevers.com\/es\/wp-json\/wp\/v2\/pages"}],"about":[{"href":"https:\/\/fisioterapiarevers.com\/es\/wp-json\/wp\/v2\/types\/page"}],"author":[{"embeddable":true,"href":"https:\/\/fisioterapiarevers.com\/es\/wp-json\/wp\/v2\/users\/1"}],"replies":[{"embeddable":true,"href":"https:\/\/fisioterapiarevers.com\/es\/wp-json\/wp\/v2\/comments?post=402"}],"version-history":[{"count":1,"href":"https:\/\/fisioterapiarevers.com\/es\/wp-json\/wp\/v2\/pages\/402\/revisions"}],"predecessor-version":[{"id":403,"href":"https:\/\/fisioterapiarevers.com\/es\/wp-json\/wp\/v2\/pages\/402\/revisions\/403"}],"wp:attachment":[{"href":"https:\/\/fisioterapiarevers.com\/es\/wp-json\/wp\/v2\/media?parent=402"}],"curies":[{"name":"wp","href":"https:\/\/api.w.org\/{rel}","templated":true}]}}