{"id":399,"date":"2016-02-05T13:04:49","date_gmt":"2016-02-05T13:04:49","guid":{"rendered":"http:\/\/fisioterapiarevers.com\/es\/lesions-daccidents-de-transit\/"},"modified":"2016-04-14T14:37:47","modified_gmt":"2016-04-14T14:37:47","slug":"lesions-daccidents-de-transit","status":"publish","type":"page","link":"https:\/\/fisioterapiarevers.com\/es\/lesions-daccidents-de-transit\/","title":{"rendered":"LESIONES DE ACCIDENTES DE TR\u00c1FICO"},"content":{"rendered":"<p>[et_pb_section admin_label=\u00bbSection\u00bb fullwidth=\u00bbon\u00bb specialty=\u00bboff\u00bb transparent_background=\u00bboff\u00bb background_color=\u00bb#f19700&#8243; allow_player_pause=\u00bboff\u00bb inner_shadow=\u00bboff\u00bb parallax=\u00bboff\u00bb parallax_method=\u00bboff\u00bb padding_mobile=\u00bboff\u00bb make_fullwidth=\u00bboff\u00bb use_custom_width=\u00bboff\u00bb width_unit=\u00bbon\u00bb make_equal=\u00bboff\u00bb use_custom_gutter=\u00bboff\u00bb][et_pb_fullwidth_header admin_label=\u00bbFullwidth Header\u00bb title=\u00bbLESIONES DE ACCIDENTES DE TR\u00c1FICO\u00bb background_layout=\u00bbdark\u00bb text_orientation=\u00bbcenter\u00bb header_fullscreen=\u00bboff\u00bb header_scroll_down=\u00bboff\u00bb parallax=\u00bboff\u00bb parallax_method=\u00bboff\u00bb content_orientation=\u00bbcenter\u00bb image_orientation=\u00bbcenter\u00bb custom_button_one=\u00bboff\u00bb button_one_letter_spacing=\u00bb0&#8243; button_one_use_icon=\u00bbdefault\u00bb button_one_icon_placement=\u00bbright\u00bb button_one_on_hover=\u00bbon\u00bb button_one_letter_spacing_hover=\u00bb0&#8243; custom_button_two=\u00bboff\u00bb button_two_letter_spacing=\u00bb0&#8243; button_two_use_icon=\u00bbdefault\u00bb button_two_icon_placement=\u00bbright\u00bb button_two_on_hover=\u00bbon\u00bb button_two_letter_spacing_hover=\u00bb0&#8243;] [\/et_pb_fullwidth_header][\/et_pb_section][et_pb_section admin_label=\u00bbsection\u00bb][et_pb_row admin_label=\u00bbrow\u00bb][et_pb_column type=\u00bb1_2&#8243;][et_pb_text admin_label=\u00bbText\u00bb background_layout=\u00bblight\u00bb text_orientation=\u00bbleft\u00bb use_border_color=\u00bboff\u00bb border_color=\u00bb#ffffff\u00bb border_style=\u00bbsolid\u00bb]<\/p>\n<p><img loading=\"lazy\" decoding=\"async\" class=\"alignleft size-full wp-image-163\" src=\"http:\/\/fisioterapiarevers.com\/wp-content\/uploads\/2015\/12\/revers-fisioterapia-icona-lesions-accidents.png\" alt=\"reverso-fisioterapia-icono-lesiones-accidentes\" width=\"200\" height=\"200\" srcset=\"https:\/\/fisioterapiarevers.com\/wp-content\/uploads\/2015\/12\/revers-fisioterapia-icona-lesions-accidents.png 200w, https:\/\/fisioterapiarevers.com\/wp-content\/uploads\/2015\/12\/revers-fisioterapia-icona-lesions-accidents-150x150.png 150w\" sizes=\"(max-width: 200px) 100vw, 200px\" \/> Las compa\u00f1\u00edas aseguradoras de veh\u00edculos est\u00e1n especialmente interesadas en el buen tratamiento de las lesiones que sus asegurados sufren. El sufrimiento de la mala curaci\u00f3n de las t\u00edpicas lesiones cervicales pueden traer consecuencias que se pueden arrastrar durante mucho tiempo.<\/p>\n<p>Algunas de estas compa\u00f1\u00edas se han interesado en que <strong> Fisioterapia REVERSO<\/strong>, junto con el Servicio de Traumatolog\u00eda de Cruz Azul (a 10 metros de nosotros), realizamos los tratamientos que creemos conveniente a sus asegurados lesionados. Nuestra filosof\u00eda en estas lesiones es el seguimiento natural de la progresi\u00f3n curativa con tratamiento manual por encima del resto, con el apoyo de electroterapia y \/ o termoterapia, con un componente de entrenamiento muscular imprescindible para la resoluci\u00f3n del proceso.<\/p>\n<p>[\/et_pb_text][\/et_pb_column][et_pb_column type=\u00bb1_2&#8243;][et_pb_gallery admin_label=\u00bbGallery\u00bb gallery_ids=\u00bb335,336,337&#8243; fullwidth=\u00bbon\u00bb show_title_and_caption=\u00bboff\u00bb show_pagination=\u00bbon\u00bb background_layout=\u00bblight\u00bb auto=\u00bbon\u00bb hover_overlay_color=\u00bbrgba(255,255,255,0.9)\u00bb caption_all_caps=\u00bboff\u00bb use_border_color=\u00bboff\u00bb border_color=\u00bb#ffffff\u00bb border_style=\u00bbsolid\u00bb auto_speed=\u00bb3000&#8243;] [\/et_pb_gallery][et_pb_text admin_label=\u00bbText\u00bb background_layout=\u00bblight\u00bb text_orientation=\u00bbleft\u00bb use_border_color=\u00bboff\u00bb border_color=\u00bb#ffffff\u00bb border_style=\u00bbsolid\u00bb]<\/p>\n<h4>SERGI CLIMENT VIU<\/h4>\n<p class=\"et_pb_member_position\">Fisioterapeuta<\/p>\n<p class=\"et_pb_member_position\">COLUMNA VERTEBRAL:\u00a0<a href=\"mailto:columna@fisioterapiarevers.com\">columna@fisioterapiarevers.com<\/a><\/p>\n<p>[\/et_pb_text][\/et_pb_column][\/et_pb_row][\/et_pb_section]<\/p>\n","protected":false},"excerpt":{"rendered":"<p>Las compa\u00f1\u00edas aseguradoras de veh\u00edculos est\u00e1n especialmente interesadas en el buen tratamiento de las lesiones que sus asegurados sufren. El sufrimiento de la mala curaci\u00f3n de las t\u00edpicas lesiones cervicales pueden traer consecuencias que se pueden arrastrar durante mucho tiempo. Algunas de estas compa\u00f1\u00edas se han interesado en que Fisioterapia REVERSO, junto con el Servicio [&hellip;]<\/p>\n","protected":false},"author":1,"featured_media":0,"parent":0,"menu_order":0,"comment_status":"closed","ping_status":"closed","template":"","meta":{"_et_pb_use_builder":"on","_et_pb_old_content":"","_et_gb_content_width":"","footnotes":""},"_links":{"self":[{"href":"https:\/\/fisioterapiarevers.com\/es\/wp-json\/wp\/v2\/pages\/399"}],"collection":[{"href":"https:\/\/fisioterapiarevers.com\/es\/wp-json\/wp\/v2\/pages"}],"about":[{"href":"https:\/\/fisioterapiarevers.com\/es\/wp-json\/wp\/v2\/types\/page"}],"author":[{"embeddable":true,"href":"https:\/\/fisioterapiarevers.com\/es\/wp-json\/wp\/v2\/users\/1"}],"replies":[{"embeddable":true,"href":"https:\/\/fisioterapiarevers.com\/es\/wp-json\/wp\/v2\/comments?post=399"}],"version-history":[{"count":2,"href":"https:\/\/fisioterapiarevers.com\/es\/wp-json\/wp\/v2\/pages\/399\/revisions"}],"predecessor-version":[{"id":401,"href":"https:\/\/fisioterapiarevers.com\/es\/wp-json\/wp\/v2\/pages\/399\/revisions\/401"}],"wp:attachment":[{"href":"https:\/\/fisioterapiarevers.com\/es\/wp-json\/wp\/v2\/media?parent=399"}],"curies":[{"name":"wp","href":"https:\/\/api.w.org\/{rel}","templated":true}]}}