{"id":389,"date":"2016-03-09T16:50:42","date_gmt":"2016-03-09T16:50:42","guid":{"rendered":"http:\/\/fisioterapiarevers.com\/es\/tractament-amb-epi\/"},"modified":"2016-04-12T11:04:30","modified_gmt":"2016-04-12T11:04:30","slug":"tratamiento-con-epi","status":"publish","type":"page","link":"https:\/\/fisioterapiarevers.com\/es\/tratamiento-con-epi\/","title":{"rendered":"TRATAMIENTO CON EPI\u00ae"},"content":{"rendered":"<p>[et_pb_section admin_label=\u00bbSection\u00bb fullwidth=\u00bbon\u00bb specialty=\u00bboff\u00bb background_image=\u00bbhttp:\/\/fisioterapiarevers.com\/wp-content\/uploads\/2016\/02\/epi-menu.jpg\u00bb transparent_background=\u00bboff\u00bb allow_player_pause=\u00bboff\u00bb inner_shadow=\u00bboff\u00bb parallax=\u00bboff\u00bb parallax_method=\u00bboff\u00bb padding_mobile=\u00bboff\u00bb make_fullwidth=\u00bboff\u00bb use_custom_width=\u00bboff\u00bb width_unit=\u00bbon\u00bb make_equal=\u00bboff\u00bb use_custom_gutter=\u00bboff\u00bb][et_pb_fullwidth_header admin_label=\u00bbFullwidth Header\u00bb title=\u00bbSomos especialistas en la t\u00e9cnica conocida como EPI\u00ae\u00bb background_layout=\u00bbdark\u00bb text_orientation=\u00bbcenter\u00bb header_fullscreen=\u00bboff\u00bb header_scroll_down=\u00bbon\u00bb scroll_down_icon=\u00bb%%8%%\u00bb parallax=\u00bboff\u00bb parallax_method=\u00bboff\u00bb content_orientation=\u00bbcenter\u00bb image_orientation=\u00bbcenter\u00bb custom_button_one=\u00bboff\u00bb button_one_letter_spacing=\u00bb0&#8243; button_one_use_icon=\u00bbdefault\u00bb button_one_icon_placement=\u00bbright\u00bb button_one_on_hover=\u00bbon\u00bb button_one_letter_spacing_hover=\u00bb0&#8243; custom_button_two=\u00bboff\u00bb button_two_letter_spacing=\u00bb0&#8243; button_two_use_icon=\u00bbdefault\u00bb button_two_icon_placement=\u00bbright\u00bb button_two_on_hover=\u00bbon\u00bb button_two_letter_spacing_hover=\u00bb0&#8243;] [\/et_pb_fullwidth_header][\/et_pb_section][et_pb_section admin_label=\u00bbsection\u00bb][et_pb_row admin_label=\u00bbRow\u00bb][et_pb_column type=\u00bb3_4&#8243;][et_pb_text admin_label=\u00bbText\u00bb background_layout=\u00bblight\u00bb text_orientation=\u00bbleft\u00bb use_border_color=\u00bboff\u00bb border_color=\u00bb#ffffff\u00bb border_style=\u00bbsolid\u00bb]<\/p>\n<p><strong>Fisioterapia REVERS<\/strong> es centro acreditado oficialmente para la utilizaci\u00f3n de la t\u00e9cnica EPI\u00ae, que quiere decir <em>electr\u00f3lisis Percut\u00e1nea Intratissular<\/em>. El mejor tratamiento en la actualidad para solucionar problemas de lesiones musculares, tend\u00f3n y ligamentos.<\/p>\n<p>Este es un m\u00e9todo de fisioterapia de tratamiento para permite desnaturalizar y eliminar \u00fanicamente el tejido degenerado, restableciendo de forma natural la regeneraci\u00f3n del tend\u00f3n y la funci\u00f3n de los tejidos blandos. Creada por un catal\u00e1n, <em>Jose Manuel S\u00e1nchez<\/em> www.cerede.es, es actualmente el m\u00e9todo de tratamiento m\u00e1s puntero en la fisioterapia deportiva y aprovechada para deportistas de \u00e9lite de todas las especialidades que se desplazan a los centros acreditados para epiadvanced www.epiadvanced.com para poder ser tratados con el objetivo de volver a la competici\u00f3n con rapidez y seguridad.<\/p>\n<p>Aplicamos una corriente galv\u00e1nica dentro del tejido para conseguir este efecto deseado, siempre con la ayuda de un ec\u00f3grafo que nos permite ver al instante donde tenemos la aguja y guiarnos directo al foco de lesi\u00f3n y controlamos la evoluci\u00f3n de la misma a lo largo de los d\u00edas, siendo nuestro objetivo el retorno a la actividad igualmente controlado a consulta.<\/p>\n<p>[\/et_pb_text][et_pb_gallery admin_label=\u00bbGallery\u00bb gallery_ids=\u00bb305,306,307&#8243; fullwidth=\u00bboff\u00bb posts_number=\u00bb3&#8243; show_title_and_caption=\u00bbon\u00bb show_pagination=\u00bboff\u00bb background_layout=\u00bblight\u00bb auto=\u00bboff\u00bb hover_overlay_color=\u00bbrgba(255,255,255,0.9)\u00bb caption_all_caps=\u00bboff\u00bb use_border_color=\u00bboff\u00bb border_color=\u00bb#ffffff\u00bb border_style=\u00bbsolid\u00bb hover_icon=\u00bb%%16%%\u00bb] [\/et_pb_gallery][\/et_pb_column][et_pb_column type=\u00bb1_4&#8243;][et_pb_gallery admin_label=\u00bbGallery\u00bb gallery_ids=\u00bb173,170,171&#8243; fullwidth=\u00bbon\u00bb show_title_and_caption=\u00bboff\u00bb show_pagination=\u00bbon\u00bb background_layout=\u00bblight\u00bb auto=\u00bbon\u00bb hover_overlay_color=\u00bbrgba(255,255,255,0.9)\u00bb caption_all_caps=\u00bboff\u00bb use_border_color=\u00bboff\u00bb border_color=\u00bb#ffffff\u00bb border_style=\u00bbsolid\u00bb auto_speed=\u00bb3000&#8243;] [\/et_pb_gallery][et_pb_text admin_label=\u00bbText\u00bb background_layout=\u00bblight\u00bb text_orientation=\u00bbleft\u00bb use_border_color=\u00bboff\u00bb border_color=\u00bb#ffffff\u00bb border_style=\u00bbsolid\u00bb]<\/p>\n<h4>ISAAC SERRANO VIVANCOS<\/h4>\n<p class=\"et_pb_member_position\">Fisioterapeuta<\/p>\n<p class=\"et_pb_member_position\">EPI i fisioterapia deportiva: <a href=\"mailto:epi@fisioterapiarevers.com\">epi@fisioterapiarevers.com<\/a>\u00a0o<br \/>\n<a href=\"mailto:isaac@fisioterapiarevers.com\">isaac@fisioterapiarevers.com<\/a><\/p>\n<p>[\/et_pb_text][\/et_pb_column][\/et_pb_row][\/et_pb_section]<\/p>\n","protected":false},"excerpt":{"rendered":"<p>Fisioterapia REVERS es centro acreditado oficialmente para la utilizaci\u00f3n de la t\u00e9cnica EPI\u00ae, que quiere decir electr\u00f3lisis Percut\u00e1nea Intratissular. El mejor tratamiento en la actualidad para solucionar problemas de lesiones musculares, tend\u00f3n y ligamentos. Este es un m\u00e9todo de fisioterapia de tratamiento para permite desnaturalizar y eliminar \u00fanicamente el tejido degenerado, restableciendo de forma natural [&hellip;]<\/p>\n","protected":false},"author":2,"featured_media":0,"parent":0,"menu_order":0,"comment_status":"closed","ping_status":"closed","template":"","meta":{"_et_pb_use_builder":"on","_et_pb_old_content":"","_et_gb_content_width":"","footnotes":""},"_links":{"self":[{"href":"https:\/\/fisioterapiarevers.com\/es\/wp-json\/wp\/v2\/pages\/389"}],"collection":[{"href":"https:\/\/fisioterapiarevers.com\/es\/wp-json\/wp\/v2\/pages"}],"about":[{"href":"https:\/\/fisioterapiarevers.com\/es\/wp-json\/wp\/v2\/types\/page"}],"author":[{"embeddable":true,"href":"https:\/\/fisioterapiarevers.com\/es\/wp-json\/wp\/v2\/users\/2"}],"replies":[{"embeddable":true,"href":"https:\/\/fisioterapiarevers.com\/es\/wp-json\/wp\/v2\/comments?post=389"}],"version-history":[{"count":4,"href":"https:\/\/fisioterapiarevers.com\/es\/wp-json\/wp\/v2\/pages\/389\/revisions"}],"predecessor-version":[{"id":393,"href":"https:\/\/fisioterapiarevers.com\/es\/wp-json\/wp\/v2\/pages\/389\/revisions\/393"}],"wp:attachment":[{"href":"https:\/\/fisioterapiarevers.com\/es\/wp-json\/wp\/v2\/media?parent=389"}],"curies":[{"name":"wp","href":"https:\/\/api.w.org\/{rel}","templated":true}]}}