{"id":110,"date":"2015-12-19T18:15:58","date_gmt":"2015-12-19T18:15:58","guid":{"rendered":"http:\/\/fisioterapiarevers.com\/es\/?page_id=110"},"modified":"2015-12-19T18:16:05","modified_gmt":"2015-12-19T18:16:05","slug":"avis-legal","status":"publish","type":"page","link":"https:\/\/fisioterapiarevers.com\/es\/avis-legal\/","title":{"rendered":"Avis Legal"},"content":{"rendered":"<p>En virtud de lo establecido en la Ley Org\u00e1nica 15\/1999 de Protecci\u00f3n de Datos de Car\u00e1cter Personal, le informamos que los datos personales que nos proporcione a trav\u00e9s de la presente p\u00e1gina Web, ser\u00e1n tratados con absoluta confidencialidad y se incorporar\u00e1n a nuestro ficheros con la finalidad de prestarle los servicios solicitados, responder a sus solicitudes de informaci\u00f3n, as\u00ed como remitirle informaci\u00f3n referente a nuestros productos y servicios, inclusive por medios electr\u00f3nicos.<\/p>\n<p>En cualquier caso podr\u00e1 ejercer los derechos de acceso, rectificaci\u00f3n, cancelaci\u00f3n y oposici\u00f3n previstos en la ley dirigi\u00e9ndose a ISAAC SERRANO VIVANCOS (FISIOTERAPIA REVERS), -Responsable Protecci\u00f3n Datos- Av. del Mill.lenari, 4, 08292 Esparraguera, , o en el correo electr\u00f3nico revers@fisioterapiarevers.com, adjuntando una copia de su DNI<\/p>\n","protected":false},"excerpt":{"rendered":"<p>En virtud de lo establecido en la Ley Org\u00e1nica 15\/1999 de Protecci\u00f3n de Datos de Car\u00e1cter Personal, le informamos que los datos personales que nos proporcione a trav\u00e9s de la presente p\u00e1gina Web, ser\u00e1n tratados con absoluta confidencialidad y se incorporar\u00e1n a nuestro ficheros con la finalidad de prestarle los servicios solicitados, responder a sus [&hellip;]<\/p>\n","protected":false},"author":1,"featured_media":0,"parent":0,"menu_order":0,"comment_status":"closed","ping_status":"closed","template":"","meta":{"_et_pb_use_builder":"","_et_pb_old_content":"","_et_gb_content_width":"","footnotes":""},"_links":{"self":[{"href":"https:\/\/fisioterapiarevers.com\/es\/wp-json\/wp\/v2\/pages\/110"}],"collection":[{"href":"https:\/\/fisioterapiarevers.com\/es\/wp-json\/wp\/v2\/pages"}],"about":[{"href":"https:\/\/fisioterapiarevers.com\/es\/wp-json\/wp\/v2\/types\/page"}],"author":[{"embeddable":true,"href":"https:\/\/fisioterapiarevers.com\/es\/wp-json\/wp\/v2\/users\/1"}],"replies":[{"embeddable":true,"href":"https:\/\/fisioterapiarevers.com\/es\/wp-json\/wp\/v2\/comments?post=110"}],"version-history":[{"count":1,"href":"https:\/\/fisioterapiarevers.com\/es\/wp-json\/wp\/v2\/pages\/110\/revisions"}],"predecessor-version":[{"id":111,"href":"https:\/\/fisioterapiarevers.com\/es\/wp-json\/wp\/v2\/pages\/110\/revisions\/111"}],"wp:attachment":[{"href":"https:\/\/fisioterapiarevers.com\/es\/wp-json\/wp\/v2\/media?parent=110"}],"curies":[{"name":"wp","href":"https:\/\/api.w.org\/{rel}","templated":true}]}}